{"id":111,"date":"2025-10-17T00:14:58","date_gmt":"2025-10-16T22:14:58","guid":{"rendered":"https:\/\/psicologo-livorno-bardocci.it\/?page_id=111"},"modified":"2025-10-19T23:05:22","modified_gmt":"2025-10-19T21:05:22","slug":"riservatezza","status":"publish","type":"page","link":"https:\/\/psicologo-livorno-bardocci.it\/index.php\/riservatezza\/","title":{"rendered":"La tua riservatezza"},"content":{"rendered":"\n<p>Privacy e Deontologia  <\/p>\n\n\n\n<p>La riservatezza, nella mia professione, \u00e8 un valore fondamentale e il tuo diritto alla privacy la mia priorit\u00e0. Ogni informazione emersa durante gli incontri (siano in presenza oppure on-line) \u00e8 trattata nel rispetto delle normative vigenti sulla privacy (Regolamento UE 2016\/679 &#8211; GDPR). Nessun dato personale e sensibile verr\u00e0 divulgato senza il consenso esplicito del cliente, salvo i casi previsti dalla legge. Il tuo diritto alla privacy \u00e8 una mia priorit\u00e0. <\/p>\n\n\n\n<p>Codice Deontologico degli Psicologi Italiani<\/p>\n\n\n\n<p>Il Codice Deontologico degli Psicologi Italiani, che regola la condotta professionale, \u00e8 il documento ufficiale al quale mi attengo in quanto psicologo: gli articoli che lo compongono garantiscono interventi basati su integrit\u00e0, trasparenza ed etica professionale.<\/p>\n\n\n\n<p><\/p>\n","protected":false},"excerpt":{"rendered":"<p>Privacy e Deontologia La riservatezza, nella mia professione, \u00e8 un valore fondamentale e il tuo diritto alla privacy la mia priorit\u00e0. Ogni informazione emersa durante gli incontri (siano in presenza oppure on-line) \u00e8 trattata nel rispetto delle normative vigenti sulla privacy (Regolamento UE 2016\/679 &#8211; GDPR). Nessun dato personale e sensibile verr\u00e0 divulgato senza il [&hellip;]<\/p>\n","protected":false},"author":1,"featured_media":0,"parent":0,"menu_order":0,"comment_status":"closed","ping_status":"closed","template":"","meta":{"footnotes":""},"class_list":["post-111","page","type-page","status-publish","hentry"],"_links":{"self":[{"href":"https:\/\/psicologo-livorno-bardocci.it\/index.php\/wp-json\/wp\/v2\/pages\/111","targetHints":{"allow":["GET"]}}],"collection":[{"href":"https:\/\/psicologo-livorno-bardocci.it\/index.php\/wp-json\/wp\/v2\/pages"}],"about":[{"href":"https:\/\/psicologo-livorno-bardocci.it\/index.php\/wp-json\/wp\/v2\/types\/page"}],"author":[{"embeddable":true,"href":"https:\/\/psicologo-livorno-bardocci.it\/index.php\/wp-json\/wp\/v2\/users\/1"}],"replies":[{"embeddable":true,"href":"https:\/\/psicologo-livorno-bardocci.it\/index.php\/wp-json\/wp\/v2\/comments?post=111"}],"version-history":[{"count":4,"href":"https:\/\/psicologo-livorno-bardocci.it\/index.php\/wp-json\/wp\/v2\/pages\/111\/revisions"}],"predecessor-version":[{"id":152,"href":"https:\/\/psicologo-livorno-bardocci.it\/index.php\/wp-json\/wp\/v2\/pages\/111\/revisions\/152"}],"wp:attachment":[{"href":"https:\/\/psicologo-livorno-bardocci.it\/index.php\/wp-json\/wp\/v2\/media?parent=111"}],"curies":[{"name":"wp","href":"https:\/\/api.w.org\/{rel}","templated":true}]}}